{"id":1013,"date":"2023-03-20T15:53:21","date_gmt":"2023-03-20T14:53:21","guid":{"rendered":"https:\/\/merconcept.com\/mentions-legales\/"},"modified":"2023-06-07T10:18:12","modified_gmt":"2023-06-07T08:18:12","slug":"legal-notice","status":"publish","type":"page","link":"https:\/\/merconcept.com\/en\/legal-notice\/","title":{"rendered":"Legal notice"},"content":{"rendered":"<section class=\"l-section wpb_row mct-mentionslegales height_large\"><div class=\"l-section-h i-cf\"><div class=\"g-cols vc_row via_flex valign_top type_default stacking_default\"><div class=\"vc_col-sm-12 wpb_column vc_column_container\"><div class=\"vc_column-inner\"><div class=\"wpb_wrapper\"><div class=\"wpb_text_column mct-compens-margin\"><div class=\"wpb_wrapper\"><h1>Mentions l\u00e9gales<\/h1>\n<\/div><\/div><div class=\"w-separator size_medium\"><\/div><div class=\"g-cols wpb_row mct-row-content-margin via_flex valign_top type_default stacking_default\"><div class=\"vc_col-sm-12 wpb_column vc_column_container\"><div class=\"vc_column-inner\"><div class=\"wpb_wrapper\"><div class=\"wpb_text_column\"><div class=\"wpb_wrapper\"><h2>Pr\u00e9sentation du site<\/h2>\n<p>En vertu de l\u2019article 6 de la loi n\u00b0 2004-575 du 21 juin 2004 pour la confiance dans l\u2019\u00e9conomie num\u00e9rique, il est pr\u00e9cis\u00e9 aux utilisateurs du site de la SASU MerConcept (merconcept.com) l\u2019identit\u00e9 des diff\u00e9rents intervenants dans le cadre de sa r\u00e9alisation et de son suivi :<\/p>\n<ul>\n<li><strong>Propri\u00e9taire :<\/strong> SASU MerConcept &#8211; 5 quai Est &#8211; 29900 CONCARNEAU &#8211; France<\/li>\n<li><strong>Responsable publication :<\/strong> Fran\u00e7ois Gabart \u2013 <a href=\"mailto:contact@merconcept.com\">contact@merconcept.com<\/a><\/li>\n<li><strong>H\u00e9bergeur :<\/strong> INFOMANIAK NETWORK SA \u2013 IDE: CHE-103.167.648 \u2013 Swiss Post Box: 106407 \u2013 Quai du Mont-Blanc 33 \u2013 CH-1201 7 rue du Pr\u00e9sident Kennedy, Suisse.<\/li>\n<\/ul>\n<\/div><\/div><\/div><\/div><\/div><\/div><div class=\"w-separator size_medium\"><\/div><div class=\"g-cols wpb_row mct-row-content-margin via_flex valign_top type_default stacking_default\"><div class=\"vc_col-sm-12 wpb_column vc_column_container\"><div class=\"vc_column-inner\"><div class=\"wpb_wrapper\"><div class=\"wpb_text_column\"><div class=\"wpb_wrapper\"><h2>Cr\u00e9dits<\/h2>\n<ul>\n<li><strong>Design :<\/strong> MerConcept<\/li>\n<li><strong>D\u00e9veloppement web :<\/strong> <a href=\"https:\/\/lacoquilleweb.com\/\" target=\"_blank\" rel=\"noopener\">La Coquille Web<\/a> \u2013 Steven Barati\u00e9<\/li>\n<\/ul>\n<\/div><\/div><\/div><\/div><\/div><\/div><div class=\"w-separator size_medium\"><\/div><div class=\"g-cols wpb_row mct-row-content-margin via_flex valign_top type_default stacking_default\"><div class=\"vc_col-sm-12 wpb_column vc_column_container\"><div class=\"vc_column-inner\"><div class=\"wpb_wrapper\"><div class=\"wpb_text_column\"><div class=\"wpb_wrapper\"><h2>Conditions g\u00e9n\u00e9rales d\u2019utilisation du site et des services propos\u00e9s<\/h2>\n<p>L\u2019utilisation du site de la SASU MerConcept (merconcept.com) implique l\u2019acceptation pleine et enti\u00e8re des conditions g\u00e9n\u00e9rales d\u2019utilisation ci-apr\u00e8s d\u00e9crites. Ces conditions d\u2019utilisation sont susceptibles d\u2019\u00eatre modifi\u00e9es ou compl\u00e9t\u00e9es \u00e0 tout moment, les utilisateurs du site de la SASU MerConcept (merconcept.com) sont donc invit\u00e9s \u00e0 les consulter de mani\u00e8re r\u00e9guli\u00e8re.<\/p>\n<p>Ce site est normalement accessible \u00e0 tout moment aux utilisateurs. Une interruption pour raison de maintenance technique peut \u00eatre toutefois d\u00e9cid\u00e9e par la SASU MerConcept, qui s\u2019efforcera alors de communiquer pr\u00e9alablement aux utilisateurs les dates et heures de l\u2019intervention.<\/p>\n<p>Le site de la SASU MerConcept (merconcept.com) est mis \u00e0 jour r\u00e9guli\u00e8rement par la SASU MerConcept. De la m\u00eame fa\u00e7on, les mentions l\u00e9gales peuvent \u00eatre modifi\u00e9es \u00e0 tout moment : elles s\u2019imposent n\u00e9anmoins \u00e0 l\u2019utilisateur qui est invit\u00e9 \u00e0 s\u2019y r\u00e9f\u00e9rer le plus souvent possible afin d\u2019en prendre connaissance.<\/p>\n<\/div><\/div><\/div><\/div><\/div><\/div><div class=\"w-separator size_medium\"><\/div><div class=\"g-cols wpb_row mct-row-content-margin via_flex valign_top type_default stacking_default\"><div class=\"vc_col-sm-12 wpb_column vc_column_container\"><div class=\"vc_column-inner\"><div class=\"wpb_wrapper\"><div class=\"wpb_text_column\"><div class=\"wpb_wrapper\"><h2>Description des services fournis<\/h2>\n<p>Le site de la SASU MerConcept (merconcept.com) a pour objet de fournir une information concernant l\u2019ensemble des activit\u00e9s de la soci\u00e9t\u00e9.<\/p>\n<p>SASU MerConcept s\u2019efforce de fournir sur le site de la SASU MerConcept (merconcept.com) des informations aussi pr\u00e9cises que possible. Toutefois, il ne pourra \u00eatre tenue responsable des omissions, des inexactitudes et des carences dans la mise \u00e0 jour, qu\u2019elles soient de son fait ou du fait des tiers partenaires qui lui fournissent ces informations.<\/p>\n<p>Tous les informations indiqu\u00e9es sur le site de la SASU MerConcept (merconcept.com) sont donn\u00e9es \u00e0 titre indicatif, et sont susceptibles d\u2019\u00e9voluer. Par ailleurs, les renseignements figurant sur le site de la SASU MerConcept (merconcept.com) ne sont pas exhaustifs. Ils sont donn\u00e9s sous r\u00e9serve de modifications ayant \u00e9t\u00e9 apport\u00e9es depuis leur mise en ligne.<\/p>\n<\/div><\/div><\/div><\/div><\/div><\/div><div class=\"w-separator size_medium\"><\/div><div class=\"g-cols wpb_row mct-row-content-margin via_flex valign_top type_default stacking_default\"><div class=\"vc_col-sm-12 wpb_column vc_column_container\"><div class=\"vc_column-inner\"><div class=\"wpb_wrapper\"><div class=\"wpb_text_column\"><div class=\"wpb_wrapper\"><h2>Limitations contractuelles sur les donn\u00e9es techniques<\/h2>\n<p><strong>Le site utilise la technologie JavaScript.<\/strong><\/p>\n<p>Le site Internet ne pourra \u00eatre tenu responsable de dommages mat\u00e9riels li\u00e9s \u00e0 l\u2019utilisation du site. De plus, l\u2019utilisateur du site s\u2019engage \u00e0 acc\u00e9der au site en utilisant un mat\u00e9riel r\u00e9cent, ne contenant pas de virus et avec un navigateur de derni\u00e8re g\u00e9n\u00e9ration mis-\u00e0-jour.<\/p>\n<\/div><\/div><\/div><\/div><\/div><\/div><div class=\"w-separator size_medium\"><\/div><div class=\"g-cols wpb_row mct-row-content-margin via_flex valign_top type_default stacking_default\"><div class=\"vc_col-sm-12 wpb_column vc_column_container\"><div class=\"vc_column-inner\"><div class=\"wpb_wrapper\"><div class=\"wpb_text_column\"><div class=\"wpb_wrapper\"><h2>Limitations de responsabilit\u00e9<\/h2>\n<p>SASU MerConcept ne pourra \u00eatre tenu responsable des dommages directs et indirects caus\u00e9s au mat\u00e9riel de l\u2019utilisateur, lors de l\u2019acc\u00e8s au site de la SASU MerConcept (merconcept.com), et r\u00e9sultant soit de l\u2019utilisation d\u2019un mat\u00e9riel ne r\u00e9pondant pas aux sp\u00e9cifications indiqu\u00e9es au point 4, soit de l\u2019apparition d\u2019un bug ou d\u2019une incompatibilit\u00e9.<\/p>\n<p>SASU MerConcept ne pourra \u00e9galement \u00eatre tenu responsable des dommages indirects (tels par exemple qu\u2019une perte de march\u00e9 ou perte d\u2019une chance) cons\u00e9cutifs \u00e0 l\u2019utilisation du site de la SASU MerConcept (merconcept.com).<\/p>\n<p>Des espaces interactifs (possibilit\u00e9 de poser des questions dans l\u2019espace contact) sont \u00e0 la disposition des utilisateurs. SASU MerConcept se r\u00e9serve le droit de supprimer, sans mise en demeure pr\u00e9alable, tout contenu d\u00e9pos\u00e9 dans cet espace qui contreviendrait \u00e0 la l\u00e9gislation applicable en France, en particulier aux dispositions relatives \u00e0 la protection des donn\u00e9es. Le cas \u00e9ch\u00e9ant, SASU MerConcept se r\u00e9serve \u00e9galement la possibilit\u00e9 de mettre en cause la responsabilit\u00e9 civile et\/ou p\u00e9nale de l\u2019utilisateur, notamment en cas de message \u00e0 caract\u00e8re raciste, injurieux, diffamant, ou pornographique, quel que soit le support utilis\u00e9 (texte, photographie\u2026).<\/p>\n<\/div><\/div><\/div><\/div><\/div><\/div><div class=\"w-separator size_medium\"><\/div><div class=\"g-cols wpb_row mct-row-content-margin via_flex valign_top type_default stacking_default\"><div class=\"vc_col-sm-12 wpb_column vc_column_container\"><div class=\"vc_column-inner\"><div class=\"wpb_wrapper\"><div class=\"wpb_text_column\"><div class=\"wpb_wrapper\"><h2>Liens hypertextes et cookies<\/h2>\n<p>Le site de la SASU MerConcept (merconcept.com) contient un certain nombre de liens hypertextes vers d\u2019autres sites, mis en place avec l\u2019autorisation de la SASU MerConcept. Cependant, SASU MerConcept n\u2019a pas la possibilit\u00e9 de v\u00e9rifier le contenu des sites ainsi visit\u00e9s, et n\u2019assumera en cons\u00e9quence aucune responsabilit\u00e9 de ce fait.<\/p>\n<p>La navigation sur le site de la SASU MerConcept (merconcept.com) est susceptible de provoquer l\u2019installation de cookie(s) sur l\u2019ordinateur de l\u2019utilisateur. Un cookie est un fichier de petite taille, qui ne permet pas l\u2019identification de l\u2019utilisateur, mais qui enregistre des informations relatives \u00e0 la navigation d\u2019un ordinateur sur un site. Les donn\u00e9es ainsi obtenues visent \u00e0 faciliter la navigation ult\u00e9rieure sur le site, et ont \u00e9galement vocation \u00e0 permettre diverses mesures de fr\u00e9quentation.<\/p>\n<p>Le refus d\u2019installation d\u2019un cookie peut entra\u00eener l\u2019impossibilit\u00e9 d\u2019acc\u00e9der \u00e0 certains services. L\u2019utilisateur peut toutefois configurer son ordinateur de la mani\u00e8re suivante, pour refuser l\u2019installation des cookies :<\/p>\n<ul>\n<li><strong>Sous Edge :<\/strong> \u00c0 partir des points en haut \u00e0 gauche de votre fen\u00eatre, Cliquez sur \u00ab Param\u00e8tres \u00bb, puis \u00ab Param\u00e8tres avanc\u00e9s \u00bb, dans la partie \u00ab Cookies \u00bb s\u00e9lectionnez \u00ab Bloquer tous les cookies \u00bb. Pensez \u00e0 effacer vos donn\u00e9es de navigation en revenant sur la partie des \u00ab Param\u00e8tres \u00bb (la premi\u00e8re fen\u00eatre, et cliquez sur \u00ab Effacer les donn\u00e9es de navigation, et cochez : \u00ab Cookie et donn\u00e9es des site web enregistr\u00e9es \u00bb et \u00ab Fichiers et donn\u00e9es en cache \u00bb.<\/li>\n<li><strong>Sous Internet Explorer :<\/strong> onglet outil (pictogramme en forme de rouage en haut a droite) \/ options internet. Cliquez sur Confidentialit\u00e9 et choisissez Bloquer tous les cookies. Validez sur Ok. Mais nous vous conseillons de d\u00e9sinstaller ce navigateur.<\/li>\n<li><strong>Sous Firefox :<\/strong> en haut de la fen\u00eatre du navigateur, cliquez sur le bouton Firefox, puis aller dans l\u2019onglet Options. Cliquer sur l\u2019onglet Vie priv\u00e9e. Param\u00e9trez les R\u00e8gles de conservation sur : utiliser les param\u00e8tres personnalis\u00e9s pour l\u2019historique. Enfin d\u00e9cochez-la pour d\u00e9sactiver les cookies.<\/li>\n<li><strong>Sous Safari :<\/strong> Cliquez en haut \u00e0 droite du navigateur sur le pictogramme de menu (symbolis\u00e9 par un rouage). S\u00e9lectionnez Param\u00e8tres. Cliquez sur Afficher les param\u00e8tres avanc\u00e9s. Dans la section \u00ab Confidentialit\u00e9 \u00bb, cliquez sur Param\u00e8tres de contenu. Dans la section \u00ab Cookies \u00bb, vous pouvez bloquer les cookies.<\/li>\n<li><strong>Sous Chrome :<\/strong> Cliquez en haut \u00e0 droite du navigateur sur le pictogramme de menu (symbolis\u00e9 par trois lignes horizontales). S\u00e9lectionnez Param\u00e8tres. Cliquez sur Afficher les param\u00e8tres avanc\u00e9s. Dans la section \u00ab Confidentialit\u00e9 \u00bb, cliquez sur pr\u00e9f\u00e9rences. Dans l\u2019onglet \u00ab Confidentialit\u00e9 \u00bb, vous pouvez bloquer les cookies.<\/li>\n<\/ul>\n<\/div><\/div><\/div><\/div><\/div><\/div><\/div><\/div><\/div><\/div><\/div><\/section><section class=\"l-section wpb_row mct-mentionslegales height_large\" id=\"confidentialites\"><div class=\"l-section-h i-cf\"><div class=\"g-cols vc_row via_flex valign_top type_default stacking_default\"><div class=\"vc_col-sm-12 wpb_column vc_column_container\"><div class=\"vc_column-inner\"><div class=\"wpb_wrapper\"><div class=\"wpb_text_column\"><div class=\"wpb_wrapper\"><h2>Gestion des donn\u00e9es personnelles<\/h2>\n<\/div><\/div><div class=\"w-separator size_medium\"><\/div><div class=\"g-cols wpb_row mct-row-content-margin via_flex valign_top type_default stacking_default\"><div class=\"vc_col-sm-12 wpb_column vc_column_container\"><div class=\"vc_column-inner\"><div class=\"wpb_wrapper\"><div class=\"wpb_text_column\"><div class=\"wpb_wrapper\"><h3>Les formulaires<\/h3>\n<p>Chaque formulaire ou t\u00e9l\u00e9service limite la collecte des donn\u00e9es personnelles au strict n\u00e9cessaire (minimisation des donn\u00e9es) et indique notamment :<\/p>\n<ul>\n<li>quels sont les objectifs du recueil de ces donn\u00e9es (finalit\u00e9s) ;<\/li>\n<li>si ces donn\u00e9es sont obligatoires ou facultatives pour la gestion de votre demande ;<\/li>\n<li>qui pourra en prendre connaissance (uniquement SASU MerConcept en principe, sauf pr\u00e9cision dans le formulaire lorsqu\u2019une transmission \u00e0 un tiers est n\u00e9cessaire \u00e0 la gestion de votre demande) ;<\/li>\n<li>vos droits Informatique et Libert\u00e9s et la fa\u00e7on de les exercer aupr\u00e8s de la SASU MerConcept.<\/li>\n<\/ul>\n<p>Les donn\u00e9es personnelles recueillies dans le cadre des services propos\u00e9s sur le site de la SASU MerConcept (merconcept.com) sont trait\u00e9es selon des protocoles s\u00e9curis\u00e9s et permettent \u00e0 SASU MerConcept de g\u00e9rer les demandes re\u00e7ues dans ses applications informatiques.<\/p>\n<p>Pour toute information ou exercice de vos droits Informatique et Libert\u00e9s sur les traitements de donn\u00e9es personnelles g\u00e9r\u00e9s par la SASU MerConcept, vous pouvez contacter :<\/p>\n<ul>\n<li><strong>par courriel :<\/strong> contact@merconcept.com<\/li>\n<li><strong>par voie postale :<\/strong> SASU MerConcept<br \/>\n5 quai Est<br \/>\n29900 CONCARNEAU, France<\/li>\n<\/ul>\n<h3>Commentaires<\/h3>\n<p>Quand vous laissez un commentaire sur notre site web, les donn\u00e9es inscrites dans le formulaire de commentaire, mais aussi votre adresse IP et l\u2019agent utilisateur de votre navigateur sont collect\u00e9s pour nous aider \u00e0 la d\u00e9tection des commentaires ind\u00e9sirables.<\/p>\n<p>Une cha\u00eene anonymis\u00e9e cr\u00e9\u00e9e \u00e0 partir de votre adresse de messagerie (\u00e9galement appel\u00e9e hash) peut \u00eatre envoy\u00e9e au service Gravatar pour v\u00e9rifier si vous utilisez ce dernier. Les clauses de confidentialit\u00e9 du service Gravatar sont disponibles ici : https:\/\/automattic.com\/privacy\/. Apr\u00e8s validation de votre commentaire, votre photo de profil sera visible publiquement \u00e0 cot\u00e9 de votre commentaire.<\/p>\n<p>Les commentaires des visiteurs peuvent \u00eatre v\u00e9rifi\u00e9s \u00e0 l\u2019aide d\u2019un service automatis\u00e9 de d\u00e9tection des commentaires ind\u00e9sirables.<\/p>\n<h3>M\u00e9dias<\/h3>\n<p>Si vous \u00eates un utilisateur ou une utilisatrice enregistr\u00e9\u00b7e et que vous t\u00e9l\u00e9versez des images sur le site web, nous vous conseillons d\u2019\u00e9viter de t\u00e9l\u00e9verser des images contenant des donn\u00e9es EXIF de coordonn\u00e9es GPS. Les visiteurs de votre site web peuvent t\u00e9l\u00e9charger et extraire des donn\u00e9es de localisation depuis ces images.<\/p>\n<h3>Finalit\u00e9s de traitement de vos donn\u00e9es personnelles<\/h3>\n<p>SASU MerConcept ne traite les donn\u00e9es personnelles que pour des finalit\u00e9s d\u00e9termin\u00e9es, explicites et l\u00e9gitimes. SASU MerConcept ne traite pas ces donn\u00e9es de mani\u00e8re incompatible avec ces finalit\u00e9s. A cet effet, les finalit\u00e9s poursuivies par la SASU MerConcept sont les suivantes :<\/p>\n<ul>\n<li><strong>Traitements des donn\u00e9es du formulaire de contact<\/strong><br \/>\nLa collecte, la transmission et l\u2019enregistrement des donn\u00e9es pour entrer en contact avec l\u2019entreprise :<br \/>\nEnvoi d\u2019un email de r\u00e9ponse.<\/li>\n<li><strong>Traitements des donn\u00e9es du formulaire de newsletter<\/strong><br \/>\nLa collecte, la transmission et l\u2019enregistrement des donn\u00e9es pour s&#8217;inscrire \u00e0 la newsletter de MerConcept :<br \/>\nEnvoi d\u2019un email d&#8217;informations sur les activit\u00e9s de MerConcept.<\/li>\n<\/ul>\n<h3>Connaissance client et statistiques d\u2019audience du site<\/h3>\n<p>Nous pouvons utiliser des donn\u00e9es pour mieux comprendre nos clients ou \u00e0 des fins de statistiques pour analyser l\u2019activit\u00e9 de notre site et am\u00e9liorer les services que nous proposons. Nous effectuons des mesures d\u2019audience, nous mesurons par exemple le nombre de pages vues, le nombre de visites du site, ainsi que l\u2019activit\u00e9 des visiteurs sur le site et leur fr\u00e9quence de retour.<\/p>\n<h3>Quelles sont les donn\u00e9es trait\u00e9es?<\/h3>\n<p>SASU MerConcept ne traite une donn\u00e9e ou une cat\u00e9gorie de donn\u00e9es que si elle est strictement n\u00e9cessaire \u00e0 la finalit\u00e9 poursuivie. Vous pouvez retrouver des informations sur ces finalit\u00e9s ci-dessus.<\/p>\n<p>SASU MerConcept traite les cat\u00e9gories de donn\u00e9es suivantes :<\/p>\n<ul>\n<li>Donn\u00e9es d\u2019identit\u00e9 : Pr\u00e9nom, nom<\/li>\n<li>Donn\u00e9es de contact : Email<\/li>\n<li>Donn\u00e9es de contenu : Bo\u00eete email<\/li>\n<\/ul>\n<h3>Quels sont les destinataires des donn\u00e9es ?<\/h3>\n<p>Les donn\u00e9es collect\u00e9es sont destin\u00e9es aux services internes du site<\/p>\n<p>Les donn\u00e9es trait\u00e9es peuvent enfin, \u00eatre transmises aux autorit\u00e9s comp\u00e9tentes, \u00e0 leur demande, dans le cadre de proc\u00e9dures judiciaires, dans le cadre de recherches judiciaires et de sollicitations d\u2019information des autorit\u00e9s ou afin de se conformer \u00e0 d\u2019autres obligations l\u00e9gales.<\/p>\n<h3>Comment les donn\u00e9es sont-elles s\u00e9curis\u00e9es ?<\/h3>\n<p>SASU MerConcept s\u2019assure que vos donn\u00e9es sont trait\u00e9es en toute s\u00e9curit\u00e9 et confidentialit\u00e9, y compris lorsque certaines op\u00e9rations sont r\u00e9alis\u00e9es par des sous-traitants. A cet effet les mesures techniques et organisationnelles appropri\u00e9es pour \u00e9viter la perte, la mauvaise utilisation, l\u2019alt\u00e9ration et la suppression des donn\u00e9es personnelles vous concernant sont mises en place. Ces mesures sont adapt\u00e9es selon le niveau de sensibilit\u00e9 des donn\u00e9es trait\u00e9es et selon le niveau de risque que pr\u00e9sente le traitement ou sa mise en \u0153uvre.<\/p>\n<\/div><\/div><\/div><\/div><\/div><\/div><\/div><\/div><\/div><\/div><\/div><\/section>\n","protected":false},"excerpt":{"rendered":"Mentions l\u00e9gales Pr\u00e9sentation du site En vertu de l\u2019article 6 de la loi n\u00b0 2004-575 du 21 juin 2004 pour la confiance dans l\u2019\u00e9conomie num\u00e9rique, il est pr\u00e9cis\u00e9 aux utilisateurs du site de la SASU MerConcept (merconcept.com) l\u2019identit\u00e9 des diff\u00e9rents intervenants dans le cadre de sa r\u00e9alisation et de son suivi : Propri\u00e9taire : SASU...","protected":false},"author":1,"featured_media":0,"parent":0,"menu_order":0,"comment_status":"closed","ping_status":"closed","template":"","meta":{"_acf_changed":false,"footnotes":""},"class_list":["post-1013","page","type-page","status-publish","hentry"],"acf":[],"yoast_head":"<!-- This site is optimized with the Yoast SEO plugin v27.2 - https:\/\/yoast.com\/product\/yoast-seo-wordpress\/ -->\n<title>Legal notice - MerConcept<\/title>\n<meta name=\"robots\" content=\"index, follow, max-snippet:-1, max-image-preview:large, max-video-preview:-1\" \/>\n<link rel=\"canonical\" href=\"https:\/\/merconcept.com\/en\/legal-notice\/\" \/>\n<meta property=\"og:locale\" content=\"en_US\" \/>\n<meta property=\"og:type\" content=\"article\" \/>\n<meta property=\"og:title\" content=\"Legal notice - MerConcept\" \/>\n<meta property=\"og:url\" content=\"https:\/\/merconcept.com\/en\/legal-notice\/\" \/>\n<meta property=\"og:site_name\" content=\"MerConcept\" \/>\n<meta property=\"article:modified_time\" content=\"2023-06-07T08:18:12+00:00\" \/>\n<meta name=\"twitter:card\" content=\"summary_large_image\" \/>\n<meta name=\"twitter:label1\" content=\"Est. reading time\" \/>\n\t<meta name=\"twitter:data1\" content=\"9 minutes\" \/>\n<script type=\"application\/ld+json\" class=\"yoast-schema-graph\">{\"@context\":\"https:\/\/schema.org\",\"@graph\":[{\"@type\":\"WebPage\",\"@id\":\"https:\/\/merconcept.com\/en\/legal-notice\/\",\"url\":\"https:\/\/merconcept.com\/en\/legal-notice\/\",\"name\":\"Legal notice - MerConcept\",\"isPartOf\":{\"@id\":\"https:\/\/merconcept.com\/#website\"},\"datePublished\":\"2023-03-20T14:53:21+00:00\",\"dateModified\":\"2023-06-07T08:18:12+00:00\",\"breadcrumb\":{\"@id\":\"https:\/\/merconcept.com\/en\/legal-notice\/#breadcrumb\"},\"inLanguage\":\"en-US\",\"potentialAction\":[{\"@type\":\"ReadAction\",\"target\":[\"https:\/\/merconcept.com\/en\/legal-notice\/\"]}]},{\"@type\":\"BreadcrumbList\",\"@id\":\"https:\/\/merconcept.com\/en\/legal-notice\/#breadcrumb\",\"itemListElement\":[{\"@type\":\"ListItem\",\"position\":1,\"name\":\"Accueil\",\"item\":\"https:\/\/merconcept.com\/en\/\"},{\"@type\":\"ListItem\",\"position\":2,\"name\":\"Legal notice\"}]},{\"@type\":\"WebSite\",\"@id\":\"https:\/\/merconcept.com\/#website\",\"url\":\"https:\/\/merconcept.com\/\",\"name\":\"MerConcept\",\"description\":\"\",\"publisher\":{\"@id\":\"https:\/\/merconcept.com\/#organization\"},\"potentialAction\":[{\"@type\":\"SearchAction\",\"target\":{\"@type\":\"EntryPoint\",\"urlTemplate\":\"https:\/\/merconcept.com\/?s={search_term_string}\"},\"query-input\":{\"@type\":\"PropertyValueSpecification\",\"valueRequired\":true,\"valueName\":\"search_term_string\"}}],\"inLanguage\":\"en-US\"},{\"@type\":\"Organization\",\"@id\":\"https:\/\/merconcept.com\/#organization\",\"name\":\"MerConcept\",\"url\":\"https:\/\/merconcept.com\/\",\"logo\":{\"@type\":\"ImageObject\",\"inLanguage\":\"en-US\",\"@id\":\"https:\/\/merconcept.com\/#\/schema\/logo\/image\/\",\"url\":\"https:\/\/merconcept.com\/wp-content\/uploads\/2023\/03\/merconcept-favicon.png\",\"contentUrl\":\"https:\/\/merconcept.com\/wp-content\/uploads\/2023\/03\/merconcept-favicon.png\",\"width\":512,\"height\":512,\"caption\":\"MerConcept\"},\"image\":{\"@id\":\"https:\/\/merconcept.com\/#\/schema\/logo\/image\/\"}}]}<\/script>\n<!-- \/ Yoast SEO plugin. -->","yoast_head_json":{"title":"Legal notice - MerConcept","robots":{"index":"index","follow":"follow","max-snippet":"max-snippet:-1","max-image-preview":"max-image-preview:large","max-video-preview":"max-video-preview:-1"},"canonical":"https:\/\/merconcept.com\/en\/legal-notice\/","og_locale":"en_US","og_type":"article","og_title":"Legal notice - MerConcept","og_url":"https:\/\/merconcept.com\/en\/legal-notice\/","og_site_name":"MerConcept","article_modified_time":"2023-06-07T08:18:12+00:00","twitter_card":"summary_large_image","twitter_misc":{"Est. reading time":"9 minutes"},"schema":{"@context":"https:\/\/schema.org","@graph":[{"@type":"WebPage","@id":"https:\/\/merconcept.com\/en\/legal-notice\/","url":"https:\/\/merconcept.com\/en\/legal-notice\/","name":"Legal notice - MerConcept","isPartOf":{"@id":"https:\/\/merconcept.com\/#website"},"datePublished":"2023-03-20T14:53:21+00:00","dateModified":"2023-06-07T08:18:12+00:00","breadcrumb":{"@id":"https:\/\/merconcept.com\/en\/legal-notice\/#breadcrumb"},"inLanguage":"en-US","potentialAction":[{"@type":"ReadAction","target":["https:\/\/merconcept.com\/en\/legal-notice\/"]}]},{"@type":"BreadcrumbList","@id":"https:\/\/merconcept.com\/en\/legal-notice\/#breadcrumb","itemListElement":[{"@type":"ListItem","position":1,"name":"Accueil","item":"https:\/\/merconcept.com\/en\/"},{"@type":"ListItem","position":2,"name":"Legal notice"}]},{"@type":"WebSite","@id":"https:\/\/merconcept.com\/#website","url":"https:\/\/merconcept.com\/","name":"MerConcept","description":"","publisher":{"@id":"https:\/\/merconcept.com\/#organization"},"potentialAction":[{"@type":"SearchAction","target":{"@type":"EntryPoint","urlTemplate":"https:\/\/merconcept.com\/?s={search_term_string}"},"query-input":{"@type":"PropertyValueSpecification","valueRequired":true,"valueName":"search_term_string"}}],"inLanguage":"en-US"},{"@type":"Organization","@id":"https:\/\/merconcept.com\/#organization","name":"MerConcept","url":"https:\/\/merconcept.com\/","logo":{"@type":"ImageObject","inLanguage":"en-US","@id":"https:\/\/merconcept.com\/#\/schema\/logo\/image\/","url":"https:\/\/merconcept.com\/wp-content\/uploads\/2023\/03\/merconcept-favicon.png","contentUrl":"https:\/\/merconcept.com\/wp-content\/uploads\/2023\/03\/merconcept-favicon.png","width":512,"height":512,"caption":"MerConcept"},"image":{"@id":"https:\/\/merconcept.com\/#\/schema\/logo\/image\/"}}]}},"_links":{"self":[{"href":"https:\/\/merconcept.com\/en\/wp-json\/wp\/v2\/pages\/1013","targetHints":{"allow":["GET"]}}],"collection":[{"href":"https:\/\/merconcept.com\/en\/wp-json\/wp\/v2\/pages"}],"about":[{"href":"https:\/\/merconcept.com\/en\/wp-json\/wp\/v2\/types\/page"}],"author":[{"embeddable":true,"href":"https:\/\/merconcept.com\/en\/wp-json\/wp\/v2\/users\/1"}],"replies":[{"embeddable":true,"href":"https:\/\/merconcept.com\/en\/wp-json\/wp\/v2\/comments?post=1013"}],"version-history":[{"count":0,"href":"https:\/\/merconcept.com\/en\/wp-json\/wp\/v2\/pages\/1013\/revisions"}],"wp:attachment":[{"href":"https:\/\/merconcept.com\/en\/wp-json\/wp\/v2\/media?parent=1013"}],"curies":[{"name":"wp","href":"https:\/\/api.w.org\/{rel}","templated":true}]}}